{"id":29231,"date":"2026-02-13T16:42:12","date_gmt":"2026-02-13T15:42:12","guid":{"rendered":"https:\/\/www.delucapartners.it\/centro-studi\/"},"modified":"2026-03-10T09:48:15","modified_gmt":"2026-03-10T08:48:15","slug":"centre-detudes","status":"publish","type":"page","link":"https:\/\/www.delucapartners.it\/fr\/centre-detudes\/","title":{"rendered":"Centre d\u2019\u00e9tudes"},"content":{"rendered":"\n<p id=\"block-cff4156b-7fa8-47af-aee2-58ce525402ac\">Le <strong>Centre d\u2019\u00e9tude de De Luca &amp; Partners<\/strong> g\u00e8re et coordonne les <strong>activit\u00e9s de recherche, de formation (interne et externe) et les activit\u00e9s \u00e9ditoriales<\/strong> en mati\u00e8re de droit du travail, de protection des donn\u00e9es personnelles et de responsabilit\u00e9 administrative des personnes morales.<\/p>\n\n\n\n<p id=\"block-d4c120fa-4f59-425e-9cb2-f89ac97dc3ae\">De Luca &amp; Partners investit en effet dans l\u2019\u00e9tude et la diffusion de sujets relevant de sa comp\u00e9tence et collabore \u00e0 ce titre avec le journal italien <strong>Sole 24 Ore<\/strong> et avec les principales revues et publications sp\u00e9cialis\u00e9es.<\/p>\n\n\n\n<p id=\"block-ac2f35e8-3c73-4f08-af22-2edd8b9a3882\">Vittorio De Luca, accompagn\u00e9 de quatre autres juristes renomm\u00e9s en droit du travail, fait partie du comit\u00e9 scientifique de la base de donn\u00e9es \u00ab <strong>Modulo24 \u2013 Contentieux du travail<\/strong> \u00bb publi\u00e9e par <strong>Il Sole 24 Ore<\/strong>. Vittorio De Luca, unitamente ad altri quattro rinomati giuslavoristi \u00e8 parte del comitato scientifico della banca dati \u201c<strong>Modulo24 \u2013 Contenzioso del Lavoro<\/strong>\u201d del <strong>Sole 24 Ore<\/strong>.<\/p>\n\n\n\n<ul id=\"block-c3bfcbec-0e89-420a-99e5-eea4796ef15c\" class=\"wp-block-list\">\n<li>Jusqu\u2019en 2013 et pendant plus d\u2019une d\u00e9cennie, De Luca &amp; Partners a \u00e9t\u00e9 responsable de l\u2019\u00e9dition d\u2019Employment Terms and Conditions \u2013 Italy publi\u00e9e par Watson Wyatt (Towers Watson).<\/li>\n\n\n\n<li>En 2015 et 2018, De Luca &amp; Partners a collabor\u00e9 \u00e0 la r\u00e9daction du guide <strong>Doing Business in Italy<\/strong> de l\u2019ICE Institute (Institut Italien du Commerce Ext\u00e9rieur);<\/li>\n\n\n\n<li>De 2016 \u00e0 2023, De Luca &amp; Partners a collabor\u00e9 avec l\u2019\u00e9diteur anglais Global Legal Insights et s\u2019occupe de la section Italie figurant au sein d\u2019 \u00bb<strong><a href=\"https:\/\/www.globallegalinsights.com\/practice-areas\/employment-and-labour-laws-and-regulations\/italy\">Employment &amp; Labour Law Guide<\/a><\/strong>\u00ab [Guide du droit du travail et de l\u2019emploi]. Ce volume fournit des informations et des \u00e9tudes sur les derni\u00e8res tendances du monde du travail, sur l\u2019\u00e9volution du cadre l\u00e9gislatif, sur les principaux jugements et sur les r\u00e9formes en cours dans les diff\u00e9rentes juridictions.<\/li>\n\n\n\n<li>De 2018 \u00e0 2020, De Luca &amp; Partners a particip\u00e9 \u00e0 la r\u00e9daction d\u2019 \u00bb<strong><a href=\"https:\/\/iclg.com\/practice-areas\/corporate-immigration-laws-and-regulations\/italy\">International Comparative Legal Guide to Corporate Immigration<\/a><\/strong> \u00bb \u00ab [Guide juridique de droit compar\u00e9 international relatif \u00e0 l\u2019immigration des personnes morales] publi\u00e9 par Global Legal Group en collaboration avec l\u2019American Immigration Lawyers Association.<\/li>\n\n\n\n<li>En 2017, De Luca &amp; Partners a jou\u00e9 un r\u00f4le de premier plan en tant que <em>Contributing Editor<\/em> [collaborateur de r\u00e9daction] du projet \u00e9ditorial \u00ab <strong>Industrial Relations Law Across the World<\/strong>\u00ab , un livre consacr\u00e9 aux relations industrielles publi\u00e9 par Wolters Kluwer, auquel ont particip\u00e9 7 pays. Ce livre s\u2019adresse aux conseillers g\u00e9n\u00e9raux, aux gestionnaires, aux experts des ressources humaines et aux avocats travaillant dans diff\u00e9rentes juridictions et, il aide \u00e0 comprendre les lois les plus importantes qui doivent \u00eatre prises en compte pour relever les d\u00e9fis de notre \u00e9conomie mondiale de plus en plus interconnect\u00e9e.<\/li>\n\n\n\n<li>En 2019, De Luca &amp; Partners a publi\u00e9 la deuxi\u00e8me \u00e9dition de ce projet \u00e9ditorial \u00e9tendu \u00e0 19 pays dans le monde. <\/li>\n<\/ul>\n\n\n\n<p id=\"block-28783cf2-ccd9-40e2-9502-2d2900371f88\">De Luca &amp; Partners combine les m\u00e9thodes traditionnelles (une vaste biblioth\u00e8que de plus de 1100 manuels, les bases de donn\u00e9es les plus r\u00e9centes et la consultation quotidienne des revues sp\u00e9cialis\u00e9es) et les <strong>protocoles de formation interne<\/strong> pour tous les professionnels, dans le cadre de sessions p\u00e9riodiques sp\u00e9ciales, au cours desquelles les professionnels du Cabinet approfondissent des th\u00e8mes sp\u00e9cifiques, discutent \u00e0 propos des nouveaut\u00e9s l\u00e9gislatives et des orientations de la jurisprudence. <\/p>\n\n\n\n<p id=\"block-100ffcfd-eb72-487c-b07c-9d4e49bb23f9\">En 2016, les sessions ont \u00e9t\u00e9 doubl\u00e9es par rapport aux ann\u00e9es pr\u00e9c\u00e9dentes, puisque le rendez-vous \u00ab <strong>Team meeting<\/strong> \u00bb [r\u00e9union d\u2019\u00e9quipe] a d\u00e9sormais lieu tous les deux mois. Les rencontres entre professionnels ont couvert <strong>plus de 400 th\u00e8mes diff\u00e9rents<\/strong>. <\/p>\n\n\n\n<p id=\"block-b37c8280-3567-4b7f-8ca4-08d6b77cea6a\">Les partners et les professionnels du Cabinet sont g\u00e9n\u00e9ralement invit\u00e9s comme conf\u00e9renciers \u00e0 des <strong>cours de formation<\/strong>, des <strong>ateliers<\/strong> et des <strong>s\u00e9minaires<\/strong> en Italie et \u00e0 l\u2019\u00e9tranger.<\/p>\n\n\n\n<p id=\"block-1cb9c6b5-5b7b-4322-ac20-706e9ed33195\">Par ailleurs, 2016 a vu le lancement d\u2019un nouveau format d\u2019\u00e9v\u00e9nement cr\u00e9\u00e9 par De Luca &amp; Partners, appel\u00e9 \u00ab <strong>HR Breakfast<\/strong>\u00ab .<\/p>\n\n\n\n<p id=\"block-c15c755c-e7cc-436e-90b8-f90bc8caccef\">Le petit-d\u00e9jeuner RH est un cycle de courts s\u00e9minaires \u2013 que notre Cabinet organise tous les quatre mois \u2013 pour aborder les th\u00e8mes qui nous semblent pr\u00e9senter un int\u00e9r\u00eat particulier pour nos clients.<\/p>\n","protected":false},"excerpt":{"rendered":"<p>Le Centre d\u2019\u00e9tude de De Luca &amp; Partners g\u00e8re et coordonne les activit\u00e9s de recherche, de formation (interne et externe) et les activit\u00e9s \u00e9ditoriales en mati\u00e8re de droit du travail, de protection des donn\u00e9es personnelles et de responsabilit\u00e9 administrative des personnes morales. De Luca &amp; Partners investit en effet dans l\u2019\u00e9tude et la diffusion de [&hellip;]<\/p>\n","protected":false},"author":5,"featured_media":0,"parent":0,"menu_order":9,"comment_status":"closed","ping_status":"closed","template":"page-template\/centro-studi.php","meta":{"_acf_changed":false,"footnotes":""},"class_list":["post-29231","page","type-page","status-publish","hentry"],"acf":[],"yoast_head":"<!-- This site is optimized with the Yoast SEO plugin v27.3 - https:\/\/yoast.com\/product\/yoast-seo-wordpress\/ -->\n<title>Centre d\u2019\u00e9tudes - De Luca &amp; Partners<\/title>\n<meta name=\"robots\" content=\"index, follow, max-snippet:-1, max-image-preview:large, max-video-preview:-1\" \/>\n<link rel=\"canonical\" href=\"https:\/\/www.delucapartners.it\/fr\/wp-json\/wp\/v2\/pages\/29231\/\" \/>\n<meta property=\"og:locale\" content=\"fr_FR\" \/>\n<meta property=\"og:type\" content=\"article\" \/>\n<meta property=\"og:title\" content=\"Centre d\u2019\u00e9tudes - De Luca &amp; Partners\" \/>\n<meta property=\"og:description\" content=\"Le Centre d\u2019\u00e9tude de De Luca &amp; Partners g\u00e8re et coordonne les activit\u00e9s de recherche, de formation (interne et externe) et les activit\u00e9s \u00e9ditoriales en mati\u00e8re de droit du travail, de protection des donn\u00e9es personnelles et de responsabilit\u00e9 administrative des personnes morales. De Luca &amp; Partners investit en effet dans l\u2019\u00e9tude et la diffusion de [&hellip;]\" \/>\n<meta property=\"og:url\" content=\"https:\/\/www.delucapartners.it\/fr\/centre-detudes\/\" \/>\n<meta property=\"og:site_name\" content=\"De Luca &amp; Partners\" \/>\n<meta property=\"article:modified_time\" content=\"2026-03-10T08:48:15+00:00\" \/>\n<meta name=\"twitter:card\" content=\"summary_large_image\" \/>\n<meta name=\"twitter:label1\" content=\"Dur\u00e9e de lecture estim\u00e9e\" \/>\n\t<meta name=\"twitter:data1\" content=\"4 minutes\" \/>\n<script type=\"application\/ld+json\" class=\"yoast-schema-graph\">{\"@context\":\"https:\\\/\\\/schema.org\",\"@graph\":[{\"@type\":\"WebPage\",\"@id\":\"https:\\\/\\\/www.delucapartners.it\\\/fr\\\/centre-detudes\\\/\",\"url\":\"https:\\\/\\\/www.delucapartners.it\\\/fr\\\/centre-detudes\\\/\",\"name\":\"Centre d\u2019\u00e9tudes - De Luca &amp; Partners\",\"isPartOf\":{\"@id\":\"https:\\\/\\\/www.delucapartners.it\\\/fr\\\/#website\"},\"datePublished\":\"2026-02-13T15:42:12+00:00\",\"dateModified\":\"2026-03-10T08:48:15+00:00\",\"breadcrumb\":{\"@id\":\"https:\\\/\\\/www.delucapartners.it\\\/fr\\\/centre-detudes\\\/#breadcrumb\"},\"inLanguage\":\"fr-FR\",\"potentialAction\":[{\"@type\":\"ReadAction\",\"target\":[\"https:\\\/\\\/www.delucapartners.it\\\/fr\\\/centre-detudes\\\/\"]}]},{\"@type\":\"BreadcrumbList\",\"@id\":\"https:\\\/\\\/www.delucapartners.it\\\/fr\\\/centre-detudes\\\/#breadcrumb\",\"itemListElement\":[{\"@type\":\"ListItem\",\"position\":1,\"name\":\"Home\",\"item\":\"https:\\\/\\\/www.delucapartners.it\\\/fr\\\/\"},{\"@type\":\"ListItem\",\"position\":2,\"name\":\"Centre d\u2019\u00e9tudes\"}]},{\"@type\":\"WebSite\",\"@id\":\"https:\\\/\\\/www.delucapartners.it\\\/fr\\\/#website\",\"url\":\"https:\\\/\\\/www.delucapartners.it\\\/fr\\\/\",\"name\":\"De Luca & Partners\",\"description\":\"\",\"publisher\":{\"@id\":\"https:\\\/\\\/www.delucapartners.it\\\/fr\\\/#organization\"},\"potentialAction\":[{\"@type\":\"SearchAction\",\"target\":{\"@type\":\"EntryPoint\",\"urlTemplate\":\"https:\\\/\\\/www.delucapartners.it\\\/fr\\\/?s={search_term_string}\"},\"query-input\":{\"@type\":\"PropertyValueSpecification\",\"valueRequired\":true,\"valueName\":\"search_term_string\"}}],\"inLanguage\":\"fr-FR\"},{\"@type\":\"Organization\",\"@id\":\"https:\\\/\\\/www.delucapartners.it\\\/fr\\\/#organization\",\"name\":\"De Luca & Partners\",\"url\":\"https:\\\/\\\/www.delucapartners.it\\\/fr\\\/\",\"logo\":{\"@type\":\"ImageObject\",\"inLanguage\":\"fr-FR\",\"@id\":\"https:\\\/\\\/www.delucapartners.it\\\/fr\\\/#\\\/schema\\\/logo\\\/image\\\/\",\"url\":\"https:\\\/\\\/www.delucapartners.it\\\/wp-content\\\/uploads\\\/2026\\\/01\\\/De-Luca-Partners.png\",\"contentUrl\":\"https:\\\/\\\/www.delucapartners.it\\\/wp-content\\\/uploads\\\/2026\\\/01\\\/De-Luca-Partners.png\",\"width\":600,\"height\":56,\"caption\":\"De Luca & Partners\"},\"image\":{\"@id\":\"https:\\\/\\\/www.delucapartners.it\\\/fr\\\/#\\\/schema\\\/logo\\\/image\\\/\"}}]}<\/script>\n<!-- \/ Yoast SEO plugin. -->","yoast_head_json":{"title":"Centre d\u2019\u00e9tudes - De Luca &amp; Partners","robots":{"index":"index","follow":"follow","max-snippet":"max-snippet:-1","max-image-preview":"max-image-preview:large","max-video-preview":"max-video-preview:-1"},"canonical":"https:\/\/www.delucapartners.it\/fr\/wp-json\/wp\/v2\/pages\/29231\/","og_locale":"fr_FR","og_type":"article","og_title":"Centre d\u2019\u00e9tudes - De Luca &amp; Partners","og_description":"Le Centre d\u2019\u00e9tude de De Luca &amp; Partners g\u00e8re et coordonne les activit\u00e9s de recherche, de formation (interne et externe) et les activit\u00e9s \u00e9ditoriales en mati\u00e8re de droit du travail, de protection des donn\u00e9es personnelles et de responsabilit\u00e9 administrative des personnes morales. De Luca &amp; Partners investit en effet dans l\u2019\u00e9tude et la diffusion de [&hellip;]","og_url":"https:\/\/www.delucapartners.it\/fr\/centre-detudes\/","og_site_name":"De Luca &amp; Partners","article_modified_time":"2026-03-10T08:48:15+00:00","twitter_card":"summary_large_image","twitter_misc":{"Dur\u00e9e de lecture estim\u00e9e":"4 minutes"},"schema":{"@context":"https:\/\/schema.org","@graph":[{"@type":"WebPage","@id":"https:\/\/www.delucapartners.it\/fr\/centre-detudes\/","url":"https:\/\/www.delucapartners.it\/fr\/centre-detudes\/","name":"Centre d\u2019\u00e9tudes - De Luca &amp; Partners","isPartOf":{"@id":"https:\/\/www.delucapartners.it\/fr\/#website"},"datePublished":"2026-02-13T15:42:12+00:00","dateModified":"2026-03-10T08:48:15+00:00","breadcrumb":{"@id":"https:\/\/www.delucapartners.it\/fr\/centre-detudes\/#breadcrumb"},"inLanguage":"fr-FR","potentialAction":[{"@type":"ReadAction","target":["https:\/\/www.delucapartners.it\/fr\/centre-detudes\/"]}]},{"@type":"BreadcrumbList","@id":"https:\/\/www.delucapartners.it\/fr\/centre-detudes\/#breadcrumb","itemListElement":[{"@type":"ListItem","position":1,"name":"Home","item":"https:\/\/www.delucapartners.it\/fr\/"},{"@type":"ListItem","position":2,"name":"Centre d\u2019\u00e9tudes"}]},{"@type":"WebSite","@id":"https:\/\/www.delucapartners.it\/fr\/#website","url":"https:\/\/www.delucapartners.it\/fr\/","name":"De Luca & Partners","description":"","publisher":{"@id":"https:\/\/www.delucapartners.it\/fr\/#organization"},"potentialAction":[{"@type":"SearchAction","target":{"@type":"EntryPoint","urlTemplate":"https:\/\/www.delucapartners.it\/fr\/?s={search_term_string}"},"query-input":{"@type":"PropertyValueSpecification","valueRequired":true,"valueName":"search_term_string"}}],"inLanguage":"fr-FR"},{"@type":"Organization","@id":"https:\/\/www.delucapartners.it\/fr\/#organization","name":"De Luca & Partners","url":"https:\/\/www.delucapartners.it\/fr\/","logo":{"@type":"ImageObject","inLanguage":"fr-FR","@id":"https:\/\/www.delucapartners.it\/fr\/#\/schema\/logo\/image\/","url":"https:\/\/www.delucapartners.it\/wp-content\/uploads\/2026\/01\/De-Luca-Partners.png","contentUrl":"https:\/\/www.delucapartners.it\/wp-content\/uploads\/2026\/01\/De-Luca-Partners.png","width":600,"height":56,"caption":"De Luca & Partners"},"image":{"@id":"https:\/\/www.delucapartners.it\/fr\/#\/schema\/logo\/image\/"}}]}},"_links":{"self":[{"href":"https:\/\/www.delucapartners.it\/fr\/wp-json\/wp\/v2\/pages\/29231","targetHints":{"allow":["GET"]}}],"collection":[{"href":"https:\/\/www.delucapartners.it\/fr\/wp-json\/wp\/v2\/pages"}],"about":[{"href":"https:\/\/www.delucapartners.it\/fr\/wp-json\/wp\/v2\/types\/page"}],"author":[{"embeddable":true,"href":"https:\/\/www.delucapartners.it\/fr\/wp-json\/wp\/v2\/users\/5"}],"replies":[{"embeddable":true,"href":"https:\/\/www.delucapartners.it\/fr\/wp-json\/wp\/v2\/comments?post=29231"}],"version-history":[{"count":3,"href":"https:\/\/www.delucapartners.it\/fr\/wp-json\/wp\/v2\/pages\/29231\/revisions"}],"predecessor-version":[{"id":30290,"href":"https:\/\/www.delucapartners.it\/fr\/wp-json\/wp\/v2\/pages\/29231\/revisions\/30290"}],"wp:attachment":[{"href":"https:\/\/www.delucapartners.it\/fr\/wp-json\/wp\/v2\/media?parent=29231"}],"curies":[{"name":"wp","href":"https:\/\/api.w.org\/{rel}","templated":true}]}}