{"id":29377,"date":"2026-01-23T17:23:01","date_gmt":"2026-01-23T16:23:01","guid":{"rendered":"https:\/\/www.delucapartners.it\/hr-award\/regolamento\/"},"modified":"2026-02-16T18:10:50","modified_gmt":"2026-02-16T17:10:50","slug":"reglement","status":"publish","type":"page","link":"https:\/\/www.delucapartners.it\/fr\/hr-award\/reglement\/","title":{"rendered":"R\u00e8glement"},"content":{"rendered":"\n<p>Le prix Excellence &amp; Innovation HR a pour objet de s\u00e9lectionner le meilleur mode de fonctionnement ou la meilleure pratique dans le monde du travail et de la gestion des ressources humaines en Italie, choisi(e) parmi les initiatives et les projets qui se sont le plus distingu\u00e9s par:<\/p>\n\n<ul class=\"wp-block-list\">\n<li>leur capacit\u00e9 \u00e0 stimuler la comp\u00e9titivit\u00e9 et la productivit\u00e9 ;<\/li>\n\n\n\n<li>leur capacit\u00e9 \u00e0 promouvoir la coh\u00e9sion sociale et \u00e0 r\u00e9soudre les conflits ;<\/li>\n\n\n\n<li>leur capacit\u00e9 \u00e0 viser le d\u00e9veloppement et le bien-\u00eatre de l\u2019individu ;<\/li>\n\n\n\n<li>l\u2019ampleur de leur vision et de leur port\u00e9e ;<\/li>\n\n\n\n<li>leur caract\u00e8re inclusif.<\/li>\n<\/ul>\n\n<p>Le Prix Excellence &amp; Innovation HR concerne les modes de fonctionnement ou les pratiques caract\u00e9ris\u00e9(e)s par leur innovation et leur originalit\u00e9 qui ont \u00e9t\u00e9 mis(e)s en \u0153uvre par des soci\u00e9t\u00e9s d\u00e9j\u00e0 pr\u00e9sentes sur le march\u00e9 et\/ou des start-ups italiennes et \u00e9trang\u00e8res op\u00e9rant en Italie.<\/p>\n\n<p>Le prix a \u00e9t\u00e9 cr\u00e9\u00e9 \u00e0 l\u2019initiative de De Luca &amp; Partners, en collaboration avec Capital RH, dans le but de stimuler la r\u00e9flexion sur les principes qui inspirent les meilleurs modes de fonctionnement dans le monde du travail, en r\u00e9compensant l\u2019excellence qui est r\u00e9ellement en mesure de donner de l\u2019\u00e9lan aux entreprises et de promouvoir la comp\u00e9titivit\u00e9, la productivit\u00e9 et d\u2019une mani\u00e8re plus g\u00e9n\u00e9rale le bien-\u00eatre des individus et de l\u2019\u00e9conomie de notre pays, tout en pr\u00e9servant la paix sociale.<\/p>\n\n<p>Le Prix vise \u00e0 fournir, \u00e0 ceux qui se sont distingu\u00e9s, une plateforme de visibilit\u00e9 aupr\u00e8s d\u2019un public d\u2019initi\u00e9s, ainsi qu\u2019\u00e0 offrir \u00e0 tous les professionnels du secteur des outils d\u2019analyse approfondie, un aper\u00e7u concernant les meilleures pratiques et une opportunit\u00e9 de r\u00e9seautage de haut niveau.<\/p>\n\n<p>L\u2019\u00e9dition 2018 a pris fin en novembre. Pour consulter le r\u00e8glement en format pdf de la premi\u00e8re \u00e9dition, veuillez cliquer sur le bouton ci-dessous. <\/p>\n\n<p><a href=\"https:\/\/www.delucapartners.it\/wp-content\/uploads\/2026\/01\/Regolamento-HR-Award-2018.pdf\" target=\"_blank\" class=\"btn blue fullblue mt-4\">Voir le r\u00e8glement de l\u2019\u00e9dition 2018<\/a><\/p>\n","protected":false},"excerpt":{"rendered":"<p>Le prix Excellence &amp; Innovation HR a pour objet de s\u00e9lectionner le meilleur mode de fonctionnement ou la meilleure pratique dans le monde du travail et de la gestion des ressources humaines en Italie, choisi(e) parmi les initiatives et les projets qui se sont le plus distingu\u00e9s par: Le Prix Excellence &amp; Innovation HR concerne [&hellip;]<\/p>\n","protected":false},"author":5,"featured_media":0,"parent":29256,"menu_order":1,"comment_status":"closed","ping_status":"closed","template":"page-template\/regolamento.php","meta":{"_acf_changed":false,"footnotes":""},"class_list":["post-29377","page","type-page","status-publish","hentry"],"acf":[],"yoast_head":"<!-- This site is optimized with the Yoast SEO plugin v27.5 - https:\/\/yoast.com\/product\/yoast-seo-wordpress\/ -->\n<title>R\u00e8glement - De Luca &amp; Partners<\/title>\n<meta name=\"robots\" content=\"index, follow, max-snippet:-1, max-image-preview:large, max-video-preview:-1\" \/>\n<link rel=\"canonical\" href=\"https:\/\/www.delucapartners.it\/fr\/wp-json\/wp\/v2\/pages\/29377\/\" \/>\n<meta property=\"og:locale\" content=\"fr_FR\" \/>\n<meta property=\"og:type\" content=\"article\" \/>\n<meta property=\"og:title\" content=\"R\u00e8glement - De Luca &amp; Partners\" \/>\n<meta property=\"og:description\" content=\"Le prix Excellence &amp; Innovation HR a pour objet de s\u00e9lectionner le meilleur mode de fonctionnement ou la meilleure pratique dans le monde du travail et de la gestion des ressources humaines en Italie, choisi(e) parmi les initiatives et les projets qui se sont le plus distingu\u00e9s par: Le Prix Excellence &amp; Innovation HR concerne [&hellip;]\" \/>\n<meta property=\"og:url\" content=\"https:\/\/www.delucapartners.it\/fr\/hr-award\/reglement\/\" \/>\n<meta property=\"og:site_name\" content=\"De Luca &amp; Partners\" \/>\n<meta property=\"article:modified_time\" content=\"2026-02-16T17:10:50+00:00\" \/>\n<meta name=\"twitter:card\" content=\"summary_large_image\" \/>\n<meta name=\"twitter:label1\" content=\"Dur\u00e9e de lecture estim\u00e9e\" \/>\n\t<meta name=\"twitter:data1\" content=\"2 minutes\" \/>\n<script type=\"application\/ld+json\" class=\"yoast-schema-graph\">{\"@context\":\"https:\\\/\\\/schema.org\",\"@graph\":[{\"@type\":\"WebPage\",\"@id\":\"https:\\\/\\\/www.delucapartners.it\\\/fr\\\/hr-award\\\/reglement\\\/\",\"url\":\"https:\\\/\\\/www.delucapartners.it\\\/fr\\\/hr-award\\\/reglement\\\/\",\"name\":\"R\u00e8glement - De Luca &amp; Partners\",\"isPartOf\":{\"@id\":\"https:\\\/\\\/www.delucapartners.it\\\/fr\\\/#website\"},\"datePublished\":\"2026-01-23T16:23:01+00:00\",\"dateModified\":\"2026-02-16T17:10:50+00:00\",\"breadcrumb\":{\"@id\":\"https:\\\/\\\/www.delucapartners.it\\\/fr\\\/hr-award\\\/reglement\\\/#breadcrumb\"},\"inLanguage\":\"fr-FR\",\"potentialAction\":[{\"@type\":\"ReadAction\",\"target\":[\"https:\\\/\\\/www.delucapartners.it\\\/fr\\\/hr-award\\\/reglement\\\/\"]}]},{\"@type\":\"BreadcrumbList\",\"@id\":\"https:\\\/\\\/www.delucapartners.it\\\/fr\\\/hr-award\\\/reglement\\\/#breadcrumb\",\"itemListElement\":[{\"@type\":\"ListItem\",\"position\":1,\"name\":\"Home\",\"item\":\"https:\\\/\\\/www.delucapartners.it\\\/fr\\\/\"},{\"@type\":\"ListItem\",\"position\":2,\"name\":\"Excellence &amp; Innovation HR Award\",\"item\":\"https:\\\/\\\/www.delucapartners.it\\\/fr\\\/hr-award\\\/\"},{\"@type\":\"ListItem\",\"position\":3,\"name\":\"R\u00e8glement\"}]},{\"@type\":\"WebSite\",\"@id\":\"https:\\\/\\\/www.delucapartners.it\\\/fr\\\/#website\",\"url\":\"https:\\\/\\\/www.delucapartners.it\\\/fr\\\/\",\"name\":\"De Luca & Partners\",\"description\":\"\",\"publisher\":{\"@id\":\"https:\\\/\\\/www.delucapartners.it\\\/fr\\\/#organization\"},\"potentialAction\":[{\"@type\":\"SearchAction\",\"target\":{\"@type\":\"EntryPoint\",\"urlTemplate\":\"https:\\\/\\\/www.delucapartners.it\\\/fr\\\/?s={search_term_string}\"},\"query-input\":{\"@type\":\"PropertyValueSpecification\",\"valueRequired\":true,\"valueName\":\"search_term_string\"}}],\"inLanguage\":\"fr-FR\"},{\"@type\":\"Organization\",\"@id\":\"https:\\\/\\\/www.delucapartners.it\\\/fr\\\/#organization\",\"name\":\"De Luca & Partners\",\"url\":\"https:\\\/\\\/www.delucapartners.it\\\/fr\\\/\",\"logo\":{\"@type\":\"ImageObject\",\"inLanguage\":\"fr-FR\",\"@id\":\"https:\\\/\\\/www.delucapartners.it\\\/fr\\\/#\\\/schema\\\/logo\\\/image\\\/\",\"url\":\"https:\\\/\\\/www.delucapartners.it\\\/wp-content\\\/uploads\\\/2026\\\/01\\\/De-Luca-Partners.png\",\"contentUrl\":\"https:\\\/\\\/www.delucapartners.it\\\/wp-content\\\/uploads\\\/2026\\\/01\\\/De-Luca-Partners.png\",\"width\":600,\"height\":56,\"caption\":\"De Luca & Partners\"},\"image\":{\"@id\":\"https:\\\/\\\/www.delucapartners.it\\\/fr\\\/#\\\/schema\\\/logo\\\/image\\\/\"}}]}<\/script>\n<!-- \/ Yoast SEO plugin. -->","yoast_head_json":{"title":"R\u00e8glement - De Luca &amp; Partners","robots":{"index":"index","follow":"follow","max-snippet":"max-snippet:-1","max-image-preview":"max-image-preview:large","max-video-preview":"max-video-preview:-1"},"canonical":"https:\/\/www.delucapartners.it\/fr\/wp-json\/wp\/v2\/pages\/29377\/","og_locale":"fr_FR","og_type":"article","og_title":"R\u00e8glement - De Luca &amp; Partners","og_description":"Le prix Excellence &amp; Innovation HR a pour objet de s\u00e9lectionner le meilleur mode de fonctionnement ou la meilleure pratique dans le monde du travail et de la gestion des ressources humaines en Italie, choisi(e) parmi les initiatives et les projets qui se sont le plus distingu\u00e9s par: Le Prix Excellence &amp; Innovation HR concerne [&hellip;]","og_url":"https:\/\/www.delucapartners.it\/fr\/hr-award\/reglement\/","og_site_name":"De Luca &amp; Partners","article_modified_time":"2026-02-16T17:10:50+00:00","twitter_card":"summary_large_image","twitter_misc":{"Dur\u00e9e de lecture estim\u00e9e":"2 minutes"},"schema":{"@context":"https:\/\/schema.org","@graph":[{"@type":"WebPage","@id":"https:\/\/www.delucapartners.it\/fr\/hr-award\/reglement\/","url":"https:\/\/www.delucapartners.it\/fr\/hr-award\/reglement\/","name":"R\u00e8glement - De Luca &amp; Partners","isPartOf":{"@id":"https:\/\/www.delucapartners.it\/fr\/#website"},"datePublished":"2026-01-23T16:23:01+00:00","dateModified":"2026-02-16T17:10:50+00:00","breadcrumb":{"@id":"https:\/\/www.delucapartners.it\/fr\/hr-award\/reglement\/#breadcrumb"},"inLanguage":"fr-FR","potentialAction":[{"@type":"ReadAction","target":["https:\/\/www.delucapartners.it\/fr\/hr-award\/reglement\/"]}]},{"@type":"BreadcrumbList","@id":"https:\/\/www.delucapartners.it\/fr\/hr-award\/reglement\/#breadcrumb","itemListElement":[{"@type":"ListItem","position":1,"name":"Home","item":"https:\/\/www.delucapartners.it\/fr\/"},{"@type":"ListItem","position":2,"name":"Excellence &amp; Innovation HR Award","item":"https:\/\/www.delucapartners.it\/fr\/hr-award\/"},{"@type":"ListItem","position":3,"name":"R\u00e8glement"}]},{"@type":"WebSite","@id":"https:\/\/www.delucapartners.it\/fr\/#website","url":"https:\/\/www.delucapartners.it\/fr\/","name":"De Luca & Partners","description":"","publisher":{"@id":"https:\/\/www.delucapartners.it\/fr\/#organization"},"potentialAction":[{"@type":"SearchAction","target":{"@type":"EntryPoint","urlTemplate":"https:\/\/www.delucapartners.it\/fr\/?s={search_term_string}"},"query-input":{"@type":"PropertyValueSpecification","valueRequired":true,"valueName":"search_term_string"}}],"inLanguage":"fr-FR"},{"@type":"Organization","@id":"https:\/\/www.delucapartners.it\/fr\/#organization","name":"De Luca & Partners","url":"https:\/\/www.delucapartners.it\/fr\/","logo":{"@type":"ImageObject","inLanguage":"fr-FR","@id":"https:\/\/www.delucapartners.it\/fr\/#\/schema\/logo\/image\/","url":"https:\/\/www.delucapartners.it\/wp-content\/uploads\/2026\/01\/De-Luca-Partners.png","contentUrl":"https:\/\/www.delucapartners.it\/wp-content\/uploads\/2026\/01\/De-Luca-Partners.png","width":600,"height":56,"caption":"De Luca & Partners"},"image":{"@id":"https:\/\/www.delucapartners.it\/fr\/#\/schema\/logo\/image\/"}}]}},"_links":{"self":[{"href":"https:\/\/www.delucapartners.it\/fr\/wp-json\/wp\/v2\/pages\/29377","targetHints":{"allow":["GET"]}}],"collection":[{"href":"https:\/\/www.delucapartners.it\/fr\/wp-json\/wp\/v2\/pages"}],"about":[{"href":"https:\/\/www.delucapartners.it\/fr\/wp-json\/wp\/v2\/types\/page"}],"author":[{"embeddable":true,"href":"https:\/\/www.delucapartners.it\/fr\/wp-json\/wp\/v2\/users\/5"}],"replies":[{"embeddable":true,"href":"https:\/\/www.delucapartners.it\/fr\/wp-json\/wp\/v2\/comments?post=29377"}],"version-history":[{"count":2,"href":"https:\/\/www.delucapartners.it\/fr\/wp-json\/wp\/v2\/pages\/29377\/revisions"}],"predecessor-version":[{"id":29381,"href":"https:\/\/www.delucapartners.it\/fr\/wp-json\/wp\/v2\/pages\/29377\/revisions\/29381"}],"up":[{"embeddable":true,"href":"https:\/\/www.delucapartners.it\/fr\/wp-json\/wp\/v2\/pages\/29256"}],"wp:attachment":[{"href":"https:\/\/www.delucapartners.it\/fr\/wp-json\/wp\/v2\/media?parent=29377"}],"curies":[{"name":"wp","href":"https:\/\/api.w.org\/{rel}","templated":true}]}}