{"id":29685,"date":"2026-02-20T14:39:29","date_gmt":"2026-02-20T13:39:29","guid":{"rendered":"https:\/\/www.delucapartners.it\/privacy-policy\/"},"modified":"2026-04-02T14:55:08","modified_gmt":"2026-04-02T12:55:08","slug":"politique-de-confidentialite","status":"publish","type":"page","link":"https:\/\/www.delucapartners.it\/fr\/politique-de-confidentialite\/","title":{"rendered":"Politique de confidentialit\u00e9"},"content":{"rendered":"\n<p>La pr\u00e9sente Politique de protection de la vie priv\u00e9e a pour but de d\u00e9crire les modalit\u00e9s de gestion du site <a href=\"https:\/\/www.delucapartners.it\/fr\/\">www.delucapartners.it<\/a> (le \u00ab <strong><em>Site<\/em><\/strong> \u00bb) en mati\u00e8re de traitement des donn\u00e9es \u00e0 caract\u00e8re personnel des utilisateurs qui le consultent.<\/p>\n\n\n\n<p>Par cons\u00e9quent, les utilisateurs sont invit\u00e9s \u00e0 lire attentivement la pr\u00e9sente <em>Politique de protection<\/em> de la vie priv\u00e9e avant de transmettre toute information personnelle et\/ou de remplir un formulaire \u00e9lectronique sur le site.<\/p>\n\n\n\n<ol><li><strong>Responsabilit\u00e9 pour le traitement des donn\u00e9es collect\u00e9es <\/strong><\/li>\n<\/ol>\n\n\n\n<p>Conform\u00e9ment au R\u00e8glement UE 679\/2016 en mati\u00e8re de protection des donn\u00e9es \u00e0 caract\u00e8re personnel (le \u00ab <strong><em>R\u00e8glement<\/em><\/strong> \u00bb), le responsable du traitement des donn\u00e9es collect\u00e9es sur le site est le cabinet Studio De Luca &amp; Partners (le \u00ab <strong>Cabinet<\/strong> \u00bb), bas\u00e9 \u00e0 Milan, Largo Toscanini, 1, t\u00e9l. +39 02 3655651, fax. +39 0236556505, mail <a href=\"mailto:info@delucapartners.it\">info@delucapartners.it<\/a>, courrier \u00e9lectronique certifi\u00e9 <a href=\"mailto:delucapartners@legalmail.it\">delucapartners@legalmail.it<\/a>   <\/p>\n\n\n\n<li><strong>Finalit\u00e9s et base juridique des traitements effectu\u00e9s sur le site<\/strong><\/li>\n\n\n\n<p>Les donn\u00e9es \u00e0 caract\u00e8re personnel sont collect\u00e9es par le biais du site dans les buts suivants:<\/p>\n\n\n\n<ul><li> Demandes de services : les donn\u00e9es \u00e0 caract\u00e8re personnel fournies sciemment par l\u2019utilisateur en remplissant le formulaire figurant dans la section \u00ab <em>contacts<\/em> \u00bb (pr\u00e9nom, nom, adresse de courrier \u00e9lectronique et autres informations demand\u00e9es) sont trait\u00e9es par le Cabinet pour satisfaire ses demandes.<\/li>\n<\/ul>\n\n\n\n<li> Recherche et s\u00e9lection d\u2019avocats\/stagiaires\/personnel : les donn\u00e9es \u00e0 caract\u00e8re personnel transmises directement par l\u2019utilisateur dans la section \u00ab <em>Travailler avec nous<\/em> \u00bb (pr\u00e9nom, nom, adresse de courrier \u00e9lectronique, poste et CV) sont trait\u00e9es par le Cabinet afin d\u2019\u00e9valuer la candidature pr\u00e9sent\u00e9e.<\/li>\n\n\n\n<li> Inscription <em>Newsletter<\/em> : les donn\u00e9es \u00e0 caract\u00e8re personnel sciemment saisies par l\u2019utilisateur dans la Section \u00ab <em>Abonnez-vous \u00e0 nos Newsletter<\/em> \u00bb sur la <em>PAGE D\u2019ACCUEIL<\/em> (pr\u00e9nom, nom et autres informations indiqu\u00e9es) sont trait\u00e9es par le Cabinet pour l\u2019envoi automatis\u00e9 de la Newsletter publiant des informations et des mises \u00e0 jour, \u00e0 travers la plate-forme Salesforce.<\/li>\n\n\n\n<li><em>Social log-in<\/em> (authentification via r\u00e9seaux sociaux) : l\u2019enregistrement et l\u2019acc\u00e8s par profil d\u2019un r\u00e9seau <em>social<\/em> comportent la communication de certaines donn\u00e9es (dont le pr\u00e9nom, le nom et l\u2019adresse de courrier \u00e9lectronique) de la part du r\u00e9seau social s\u00e9lectionn\u00e9 et requi\u00e8rent une autorisation sp\u00e9ciale pour continuer avant la <em>connexion<\/em>. Dans certains cas, les r\u00e9seaux <em>sociaux<\/em> requi\u00e8rent certains <em>feedbacks<\/em> et informations sur l\u2019utilisation de la <em>connexion<\/em>. Pour plus d\u2019informations, nous vous invitons \u00e0 consulter la documentation portant sur la confidentialit\u00e9 des donn\u00e9es pr\u00e9sente sur Linkedin (<a href=\"https:\/\/www.linkedin.com\/legal\/privacy-policy\" target=\"_blank\" rel=\"noopener noreferrer\">https:\/\/www.linkedin.com\/legal\/privacy-policy<\/a>).  <\/li>\n\n\n\n<li><em>Cookies<\/em>: sur le site, outre les donn\u00e9es express\u00e9ment transmises, d\u2019autres donn\u00e9es d\u00e9rivant de la navigation de l\u2019utilisateur peuvent \u00eatre enregistr\u00e9es : lorsque l\u2019utilisateur y acc\u00e8de, le site peut en effet lui envoyer un \u00ab <em>cookie<\/em> \u00bb. Par le terme \u00ab <em>cookie<\/em> \u00bb, on entend un petit <em>fichier<\/em> de texte que le site peut envoyer de fa\u00e7on autonome \u00e0 l\u2019ordinateur de l\u2019utilisateur <em>quand<\/em> il consulte nos pages. Les \u00ab <em>cookies<\/em> \u00bb facilitent la navigation et permettent le fonctionnement de certains services qui requi\u00e8rent l\u2019identification du parcours de l\u2019utilisateur \u00e0 travers les diff\u00e9rentes pages du site. Pour tout acc\u00e8s, ind\u00e9pendant de la pr\u00e9sence ou non d\u2019un \u00ab <em>cookie<\/em> \u00bb, le site enregistre le <em>type de navigateur<\/em> (par exemple, <em>Internet Explorer<\/em>, <em>Chrome<\/em>, <em>Firefox<\/em>), le syst\u00e8me d\u2019exploitation (par exemple, <em>Windows<\/em>, <em>Macintosh<\/em>) et <em>l\u2019h\u00f4te<\/em> et <em>l\u2019URL<\/em> de provenance de l\u2019utilisateur ainsi que les donn\u00e9es de la page demand\u00e9e. Ces donn\u00e9es peuvent \u00eatre utilis\u00e9es sous forme agr\u00e9g\u00e9e et anonyme pour des analyses statistiques sur l\u2019utilisation du site. Sur ce point, nous vous invitons \u00e0 lire la Politique en mati\u00e8re <em>de cookies<\/em> (<a href=\"https:\/\/www.delucapartners.it\/fr\/cookie-policy\/\">politique en mati\u00e8re de cookies<\/a> de <a href=\"https:\/\/www.delucapartners.it\/fr\/\">www.delucapartners.it<\/a>).     <\/li>\n\n\n\n<p>Les donn\u00e9es \u00e0 caract\u00e8re personnel collect\u00e9es et trait\u00e9es par le Cabinet sont fournies directement par l\u2019utilisateur, exception faite des donn\u00e9es de navigation cit\u00e9es dans la section \u00ab <em>Cookies<\/em> \u00bb du point 2 (e) pr\u00e9c\u00e9dent r\u00e9gies par la <a href=\"https:\/\/www.delucapartners.it\/fr\/cookie-policy\/\">Politique en mati\u00e8re de cookies<\/a> et pour les donn\u00e9es collect\u00e9es en cas d\u2019enregistrement et d\u2019acc\u00e8s par profil d\u2019un r\u00e9seau <em>social<\/em> mentionn\u00e9s dans la section \u00ab <em>Social log-in<\/em> \u00bb du point 2 (d) pr\u00e9c\u00e9dent.<\/p>\n\n\n\n<p>La base juridique du traitement des donn\u00e9es \u00e0 caract\u00e8re personnel de l\u2019utilisateur r\u00e9side :<\/p>\n\n\n\n<ol class=\"wp-block-list\">\n<li>en ce qui concerne les finalit\u00e9s mentionn\u00e9es au point 2 (a), dans l\u2019int\u00e9r\u00eat l\u00e9gitime du cabinet de donner une r\u00e9ponse aux demandes de service formul\u00e9es par l\u2019utilisateur ; <\/li>\n\n\n\n<li>en ce qui concerne les finalit\u00e9s mentionn\u00e9es au point 2 (b), sur l\u2019autorisation sp\u00e9cifique donn\u00e9e par l\u2019utilisateur et dans l\u2019int\u00e9r\u00eat l\u00e9gitime du cabinet d\u2019\u00e9valuer la candidature dans le cadre du processus de recrutement ;<\/li>\n\n\n\n<li>en ce qui concerne les finalit\u00e9s mentionn\u00e9es aux points 2 (c) et 2 (d), sur l\u2019autorisation sp\u00e9cifique donn\u00e9e par l\u2019utilisateur.  <\/li>\n<\/ol>\n\n\n\n<p>Pour les finalit\u00e9s mentionn\u00e9es au point 2 (e), renvoi est fait, en revanche, \u00e0 la Politique en mati\u00e8re de <a href=\"https:\/\/www.delucapartners.it\/fr\/cookie-policy\/\">cookies<\/a>.<\/p>\n\n\n\n<li><strong>Cat\u00e9gories de destinataires des donn\u00e9es \u00e0 caract\u00e8re personnel<\/strong><\/li>\n\n\n\n<p>Le cabinet transmet les donn\u00e9es \u00e0 caract\u00e8re personnel des utilisateurs du site uniquement dans les limites permises par la loi et conform\u00e9ment \u00e0 ce qui est illustr\u00e9 ci-apr\u00e8s. En particulier, les donn\u00e9es \u00e0 caract\u00e8re personnel de l\u2019utilisateur pourront \u00eatre trait\u00e9es ou connues par : <\/p>\n\n\n\n<ol class=\"wp-block-list\">\n<li>les salari\u00e9s du cabinet, qui travaillent en qualit\u00e9 de personnes autoris\u00e9es \u00e0 effectuer le traitement et d\u00fbment form\u00e9es ;<\/li>\n\n\n\n<li>les soci\u00e9t\u00e9s qui assurent pour le compte du cabinet des services techniques et organisationnels particuliers li\u00e9s au site, en qualit\u00e9 de Sous-traitant du Traitement conform\u00e9ment \u00e0 l\u2019art. 28 du R\u00e8glement ; <\/li>\n\n\n\n<li>les forces de police ou les autorit\u00e9s judiciaires, conform\u00e9ment \u00e0 la loi et apr\u00e8s demande pr\u00e9alable formelle de leur part ou bien, au cas o\u00f9 il y aurait des raisons justifi\u00e9es d\u2019estimer que la communication de ces donn\u00e9es est raisonnablement n\u00e9cessaire pour : (a) rechercher, pr\u00e9venir ou prendre des initiatives relatives \u00e0 des soup\u00e7ons d\u2019activit\u00e9s illicites ou assister les autorit\u00e9s publiques de contr\u00f4le et de vigilance ; (b) se d\u00e9fendre contre toute r\u00e9clamation ou accusation de la part de tiers, ou prot\u00e9ger la s\u00e9curit\u00e9 du site web et du cabinet ; (c) exercer les droits ou prot\u00e9ger la propri\u00e9t\u00e9 ou la s\u00e9curit\u00e9 du cabinet, des clients, des avocats et des stagiaires, des employ\u00e9s ou de toute autre personne.  <\/li>\n<\/ol>\n\n\n\n<p>Les donn\u00e9es \u00e0 caract\u00e8re personnel ne seront pas diffus\u00e9es ni transmises en dehors de l\u2019Union europ\u00e9enne.<\/p>\n\n\n\n<li><strong>Modalit\u00e9s de traitement des donn\u00e9es \u00e0 caract\u00e8re personnel et dur\u00e9e de conservation<\/strong><\/li>\n\n\n\n<p>Les donn\u00e9es \u00e0 caract\u00e8re personnel collect\u00e9es par le site sont trait\u00e9es selon des modalit\u00e9s et avec des outils principalement informatiques et t\u00e9l\u00e9matiques, en adoptant les mesures de s\u00e9curit\u00e9 n\u00e9cessaires de fa\u00e7on \u00e0 r\u00e9duire au minimum les risques de destruction ou de perte des donn\u00e9es, m\u00eame accidentelle, d\u2019acc\u00e8s non autoris\u00e9 ou de traitement non autoris\u00e9 ou non conforme aux finalit\u00e9s de la collecte pr\u00e9cis\u00e9es dans la pr\u00e9sente Politique de protection de la vie priv\u00e9e. Pour la nature du moyen de transmission en ligne, de telles mesures ne peuvent toutefois absolument pas limiter ou exclure n\u2019importe quel risque d\u2019acc\u00e8s non permis ou de dispersion des donn\u00e9es. Par cons\u00e9quent, il est conseill\u00e9 de v\u00e9rifier p\u00e9riodiquement que (i) l\u2019ordinateur est dot\u00e9 de logiciels en mesure de prot\u00e9ger la transmission de donn\u00e9es sur le r\u00e9seau, en entr\u00e9e et en sortie (tels que logiciels antivirus mis \u00e0 jour) et (ii) le fournisseur de services Internet a adopt\u00e9 des mesures ad\u00e9quates pour la s\u00e9curit\u00e9 de la transmission de donn\u00e9es sur le r\u00e9seau (comme, par exemple, pare-feu et filtres antispamming).  <\/p>\n\n\n\n<p>Les donn\u00e9es \u00e0 caract\u00e8re personnel transmises pendant la navigation et inh\u00e9rentes \u00e0 celle-ci seront conserv\u00e9es pendant une dur\u00e9e inf\u00e9rieure \u00e0 12 mois. Les donn\u00e9es \u00e0 caract\u00e8re personnel trait\u00e9es pour rendre un service seront conserv\u00e9es pendant la dur\u00e9e strictement n\u00e9cessaire pour fournir le service demand\u00e9. Les donn\u00e9es collect\u00e9es suite \u00e0 la pr\u00e9sentation par l\u2019utilisateur de sa candidature seront conserv\u00e9es pendant la dur\u00e9e strictement n\u00e9cessaire pour \u00e9valuer sa candidature. Les donn\u00e9es collect\u00e9es pour l\u2019envoi de la <em>Newsletter<\/em> seront conserv\u00e9es tant que l\u2019utilisateur souhaitera la recevoir.   <\/p>\n\n\n\n<li><strong>Nature obligatoire ou facultative de la transmission des donn\u00e9es<\/strong><\/li>\n\n\n\n<p>Exception faite pour les donn\u00e9es de navigation r\u00e9gies par la <em><a href=\"https:\/\/www.delucapartners.it\/fr\/cookie-policy\/\">Politique en mati\u00e8re de cookies<\/a><\/em>, la transmission de donn\u00e9es \u00e0 caract\u00e8re personnel collect\u00e9es \u00e0 travers le site est facultative. Le fait de ne pas les transmettre ne limite pas l\u2019utilisation du site, mais peut toutefois emp\u00eacher au site de satisfaire les demandes de services effectu\u00e9es ou d\u2019envoyer la Newsletter ou de donner suite \u00e0 l\u2019embauche de l\u2019utilisateur ou \u00e0 l\u2019instauration de relations de collaboration.<\/p>\n\n\n\n<li><strong>Droits de l\u2019utilisateur<\/strong><\/li>\n\n\n\n<p>L\u2019utilisateur a le droit :<\/p>\n\n\n\n<ul class=\"wp-block-list\">\n<li>d\u2019acc\u00e9der aux donn\u00e9es \u00e0 caract\u00e8re personnel qui le concernent et d\u2019obtenir la confirmation de leur existence ou non, leur communication sous une forme compr\u00e9hensible et leur int\u00e9gration ; <\/li>\n\n\n\n<li>de demander la mise \u00e0 jour, la rectification ou, en cas d\u2019int\u00e9r\u00eat, l\u2019int\u00e9gration des donn\u00e9es \u00e0 caract\u00e8re personnel ;<\/li>\n\n\n\n<li>de demander la limitation des traitements qui le concernent, l\u2019effacement, la transformation sous forme anonyme ou le blocage des donn\u00e9es \u00e0 caract\u00e8re personnel trait\u00e9es en violation de la loi, y compris celles dont la conservation n\u2019est pas n\u00e9cessaire pour les buts pour lesquels les donn\u00e9es ont \u00e9t\u00e9 collect\u00e9es ou trait\u00e9es par la suite ; <\/li>\n\n\n\n<li>de s\u2019opposer pour des motifs l\u00e9gitimes, en tout ou partie, au traitement de ses donn\u00e9es \u00e0 caract\u00e8re personnel, si pertinentes aux finalit\u00e9s de la collecte.<\/li>\n\n\n\n<li>d\u2019obtenir la transmission de ses donn\u00e9es \u00e0 un autre responsable du traitement (ce qu\u2019il est convenu d\u2019appeler la portabilit\u00e9 des donn\u00e9es).<\/li>\n<\/ul>\n\n\n\n<p>Si le traitement repose sur l\u2019autorisation, conform\u00e9ment \u00e0 l\u2019art. 7, 3e alin\u00e9a, du R\u00e8glement, l\u2019utilisateur peut r\u00e9voquer l\u2019autorisation donn\u00e9e \u00e0 tout moment, sans pr\u00e9juger de la licit\u00e9 du traitement effectu\u00e9 avant la r\u00e9vocation. <\/p>\n\n\n\n<p>L\u2019utilisateur peut exercer les droits susmentionn\u00e9s en envoyant :<\/p>\n\n\n\n<ul class=\"wp-block-list\">\n<li>un courrier recommand\u00e9 \u00e0 l\u2019adresse suivante : De Luca &amp; Partners, Largo A. Toscanini, 1, 20122 Milano ; ou<\/li>\n\n\n\n<li>un courriel \u00e0 l\u2019adresse mail suivante : <a aria-label=\" (apre in una nuova scheda)\" href=\"mailto:privacy@delucapartners.it\" target=\"_blank\" rel=\"noreferrer noopener\">privacy@delucapartners.it<\/a> <\/li>\n<\/ul>\n\n\n\n<li><strong>Droit de pr\u00e9sentation d\u2019une r\u00e9clamation<\/strong><\/li>\n\n\n\n<p>Conform\u00e9ment \u00e0 l\u2019art. 77 du R\u00e8glement, l\u2019utilisateur a le droit de pr\u00e9senter une r\u00e9clamation aupr\u00e8s de l\u2019Autorit\u00e9 de contr\u00f4le national (pour l\u2019Italie, le Garant pour la protection des donn\u00e9es personnelles : <a href=\"http:\/\/www.garanteprivacy.it\" target=\"_blank\" rel=\"noreferrer noopener\" aria-label=\" (apre in una nuova scheda)\">www.garanteprivacy.it<\/a>). <\/p>\n\n\n\n<li><strong>Clause finale<\/strong><\/li>\n\n\n\n<p>Compte tenu de l\u2019\u00e9tat actuel de l\u2019\u00e9volution de la r\u00e9glementation en mati\u00e8re de protection des donn\u00e9es \u00e0 caract\u00e8re personnel, \u00e0 noter que la pr\u00e9sente <em>Politique de protection<\/em> de la vie priv\u00e9e pourra faire l\u2019objet de mises \u00e0 jour.<\/p>\n","protected":false},"excerpt":{"rendered":"<p>La pr\u00e9sente Politique de protection de la vie priv\u00e9e a pour but de d\u00e9crire les modalit\u00e9s de gestion du site www.delucapartners.it (le \u00ab Site \u00bb) en mati\u00e8re de traitement des donn\u00e9es \u00e0 caract\u00e8re personnel des utilisateurs qui le consultent. Par cons\u00e9quent, les utilisateurs sont invit\u00e9s \u00e0 lire attentivement la pr\u00e9sente Politique de protection de la [&hellip;]<\/p>\n","protected":false},"author":5,"featured_media":0,"parent":0,"menu_order":16,"comment_status":"closed","ping_status":"closed","template":"","meta":{"_acf_changed":false,"footnotes":""},"class_list":["post-29685","page","type-page","status-publish","hentry"],"acf":[],"yoast_head":"<!-- This site is optimized with the Yoast SEO plugin v27.5 - https:\/\/yoast.com\/product\/yoast-seo-wordpress\/ -->\n<title>Politique de confidentialit\u00e9 - De Luca &amp; Partners<\/title>\n<meta name=\"robots\" content=\"index, follow, max-snippet:-1, max-image-preview:large, max-video-preview:-1\" \/>\n<link rel=\"canonical\" href=\"https:\/\/www.delucapartners.it\/fr\/wp-json\/wp\/v2\/pages\/29685\/\" \/>\n<meta property=\"og:locale\" content=\"fr_FR\" \/>\n<meta property=\"og:type\" content=\"article\" \/>\n<meta property=\"og:title\" content=\"Politique de confidentialit\u00e9 - De Luca &amp; Partners\" \/>\n<meta property=\"og:description\" content=\"La pr\u00e9sente Politique de protection de la vie priv\u00e9e a pour but de d\u00e9crire les modalit\u00e9s de gestion du site www.delucapartners.it (le \u00ab Site \u00bb) en mati\u00e8re de traitement des donn\u00e9es \u00e0 caract\u00e8re personnel des utilisateurs qui le consultent. Par cons\u00e9quent, les utilisateurs sont invit\u00e9s \u00e0 lire attentivement la pr\u00e9sente Politique de protection de la [&hellip;]\" \/>\n<meta property=\"og:url\" content=\"https:\/\/www.delucapartners.it\/fr\/politique-de-confidentialite\/\" \/>\n<meta property=\"og:site_name\" content=\"De Luca &amp; Partners\" \/>\n<meta property=\"article:modified_time\" content=\"2026-04-02T12:55:08+00:00\" \/>\n<meta name=\"twitter:card\" content=\"summary_large_image\" \/>\n<meta name=\"twitter:label1\" content=\"Dur\u00e9e de lecture estim\u00e9e\" \/>\n\t<meta name=\"twitter:data1\" content=\"9 minutes\" \/>\n<script type=\"application\/ld+json\" class=\"yoast-schema-graph\">{\"@context\":\"https:\\\/\\\/schema.org\",\"@graph\":[{\"@type\":\"WebPage\",\"@id\":\"https:\\\/\\\/www.delucapartners.it\\\/fr\\\/politique-de-confidentialite\\\/\",\"url\":\"https:\\\/\\\/www.delucapartners.it\\\/fr\\\/politique-de-confidentialite\\\/\",\"name\":\"Politique de confidentialit\u00e9 - De Luca &amp; Partners\",\"isPartOf\":{\"@id\":\"https:\\\/\\\/www.delucapartners.it\\\/fr\\\/#website\"},\"datePublished\":\"2026-02-20T13:39:29+00:00\",\"dateModified\":\"2026-04-02T12:55:08+00:00\",\"breadcrumb\":{\"@id\":\"https:\\\/\\\/www.delucapartners.it\\\/fr\\\/politique-de-confidentialite\\\/#breadcrumb\"},\"inLanguage\":\"fr-FR\",\"potentialAction\":[{\"@type\":\"ReadAction\",\"target\":[\"https:\\\/\\\/www.delucapartners.it\\\/fr\\\/politique-de-confidentialite\\\/\"]}]},{\"@type\":\"BreadcrumbList\",\"@id\":\"https:\\\/\\\/www.delucapartners.it\\\/fr\\\/politique-de-confidentialite\\\/#breadcrumb\",\"itemListElement\":[{\"@type\":\"ListItem\",\"position\":1,\"name\":\"Home\",\"item\":\"https:\\\/\\\/www.delucapartners.it\\\/fr\\\/\"},{\"@type\":\"ListItem\",\"position\":2,\"name\":\"Politique de confidentialit\u00e9\"}]},{\"@type\":\"WebSite\",\"@id\":\"https:\\\/\\\/www.delucapartners.it\\\/fr\\\/#website\",\"url\":\"https:\\\/\\\/www.delucapartners.it\\\/fr\\\/\",\"name\":\"De Luca & Partners\",\"description\":\"\",\"publisher\":{\"@id\":\"https:\\\/\\\/www.delucapartners.it\\\/fr\\\/#organization\"},\"potentialAction\":[{\"@type\":\"SearchAction\",\"target\":{\"@type\":\"EntryPoint\",\"urlTemplate\":\"https:\\\/\\\/www.delucapartners.it\\\/fr\\\/?s={search_term_string}\"},\"query-input\":{\"@type\":\"PropertyValueSpecification\",\"valueRequired\":true,\"valueName\":\"search_term_string\"}}],\"inLanguage\":\"fr-FR\"},{\"@type\":\"Organization\",\"@id\":\"https:\\\/\\\/www.delucapartners.it\\\/fr\\\/#organization\",\"name\":\"De Luca & Partners\",\"url\":\"https:\\\/\\\/www.delucapartners.it\\\/fr\\\/\",\"logo\":{\"@type\":\"ImageObject\",\"inLanguage\":\"fr-FR\",\"@id\":\"https:\\\/\\\/www.delucapartners.it\\\/fr\\\/#\\\/schema\\\/logo\\\/image\\\/\",\"url\":\"https:\\\/\\\/www.delucapartners.it\\\/wp-content\\\/uploads\\\/2026\\\/01\\\/De-Luca-Partners.png\",\"contentUrl\":\"https:\\\/\\\/www.delucapartners.it\\\/wp-content\\\/uploads\\\/2026\\\/01\\\/De-Luca-Partners.png\",\"width\":600,\"height\":56,\"caption\":\"De Luca & Partners\"},\"image\":{\"@id\":\"https:\\\/\\\/www.delucapartners.it\\\/fr\\\/#\\\/schema\\\/logo\\\/image\\\/\"}}]}<\/script>\n<!-- \/ Yoast SEO plugin. -->","yoast_head_json":{"title":"Politique de confidentialit\u00e9 - De Luca &amp; Partners","robots":{"index":"index","follow":"follow","max-snippet":"max-snippet:-1","max-image-preview":"max-image-preview:large","max-video-preview":"max-video-preview:-1"},"canonical":"https:\/\/www.delucapartners.it\/fr\/wp-json\/wp\/v2\/pages\/29685\/","og_locale":"fr_FR","og_type":"article","og_title":"Politique de confidentialit\u00e9 - De Luca &amp; Partners","og_description":"La pr\u00e9sente Politique de protection de la vie priv\u00e9e a pour but de d\u00e9crire les modalit\u00e9s de gestion du site www.delucapartners.it (le \u00ab Site \u00bb) en mati\u00e8re de traitement des donn\u00e9es \u00e0 caract\u00e8re personnel des utilisateurs qui le consultent. Par cons\u00e9quent, les utilisateurs sont invit\u00e9s \u00e0 lire attentivement la pr\u00e9sente Politique de protection de la [&hellip;]","og_url":"https:\/\/www.delucapartners.it\/fr\/politique-de-confidentialite\/","og_site_name":"De Luca &amp; Partners","article_modified_time":"2026-04-02T12:55:08+00:00","twitter_card":"summary_large_image","twitter_misc":{"Dur\u00e9e de lecture estim\u00e9e":"9 minutes"},"schema":{"@context":"https:\/\/schema.org","@graph":[{"@type":"WebPage","@id":"https:\/\/www.delucapartners.it\/fr\/politique-de-confidentialite\/","url":"https:\/\/www.delucapartners.it\/fr\/politique-de-confidentialite\/","name":"Politique de confidentialit\u00e9 - De Luca &amp; Partners","isPartOf":{"@id":"https:\/\/www.delucapartners.it\/fr\/#website"},"datePublished":"2026-02-20T13:39:29+00:00","dateModified":"2026-04-02T12:55:08+00:00","breadcrumb":{"@id":"https:\/\/www.delucapartners.it\/fr\/politique-de-confidentialite\/#breadcrumb"},"inLanguage":"fr-FR","potentialAction":[{"@type":"ReadAction","target":["https:\/\/www.delucapartners.it\/fr\/politique-de-confidentialite\/"]}]},{"@type":"BreadcrumbList","@id":"https:\/\/www.delucapartners.it\/fr\/politique-de-confidentialite\/#breadcrumb","itemListElement":[{"@type":"ListItem","position":1,"name":"Home","item":"https:\/\/www.delucapartners.it\/fr\/"},{"@type":"ListItem","position":2,"name":"Politique de confidentialit\u00e9"}]},{"@type":"WebSite","@id":"https:\/\/www.delucapartners.it\/fr\/#website","url":"https:\/\/www.delucapartners.it\/fr\/","name":"De Luca & Partners","description":"","publisher":{"@id":"https:\/\/www.delucapartners.it\/fr\/#organization"},"potentialAction":[{"@type":"SearchAction","target":{"@type":"EntryPoint","urlTemplate":"https:\/\/www.delucapartners.it\/fr\/?s={search_term_string}"},"query-input":{"@type":"PropertyValueSpecification","valueRequired":true,"valueName":"search_term_string"}}],"inLanguage":"fr-FR"},{"@type":"Organization","@id":"https:\/\/www.delucapartners.it\/fr\/#organization","name":"De Luca & Partners","url":"https:\/\/www.delucapartners.it\/fr\/","logo":{"@type":"ImageObject","inLanguage":"fr-FR","@id":"https:\/\/www.delucapartners.it\/fr\/#\/schema\/logo\/image\/","url":"https:\/\/www.delucapartners.it\/wp-content\/uploads\/2026\/01\/De-Luca-Partners.png","contentUrl":"https:\/\/www.delucapartners.it\/wp-content\/uploads\/2026\/01\/De-Luca-Partners.png","width":600,"height":56,"caption":"De Luca & Partners"},"image":{"@id":"https:\/\/www.delucapartners.it\/fr\/#\/schema\/logo\/image\/"}}]}},"_links":{"self":[{"href":"https:\/\/www.delucapartners.it\/fr\/wp-json\/wp\/v2\/pages\/29685","targetHints":{"allow":["GET"]}}],"collection":[{"href":"https:\/\/www.delucapartners.it\/fr\/wp-json\/wp\/v2\/pages"}],"about":[{"href":"https:\/\/www.delucapartners.it\/fr\/wp-json\/wp\/v2\/types\/page"}],"author":[{"embeddable":true,"href":"https:\/\/www.delucapartners.it\/fr\/wp-json\/wp\/v2\/users\/5"}],"replies":[{"embeddable":true,"href":"https:\/\/www.delucapartners.it\/fr\/wp-json\/wp\/v2\/comments?post=29685"}],"version-history":[{"count":5,"href":"https:\/\/www.delucapartners.it\/fr\/wp-json\/wp\/v2\/pages\/29685\/revisions"}],"predecessor-version":[{"id":30838,"href":"https:\/\/www.delucapartners.it\/fr\/wp-json\/wp\/v2\/pages\/29685\/revisions\/30838"}],"wp:attachment":[{"href":"https:\/\/www.delucapartners.it\/fr\/wp-json\/wp\/v2\/media?parent=29685"}],"curies":[{"name":"wp","href":"https:\/\/api.w.org\/{rel}","templated":true}]}}